{"id":56,"date":"2020-12-10T13:53:11","date_gmt":"2020-12-10T12:53:11","guid":{"rendered":"http:\/\/stopcystite.fr\/?page_id=56"},"modified":"2020-12-17T13:50:11","modified_gmt":"2020-12-17T12:50:11","slug":"bienvenue","status":"publish","type":"page","link":"https:\/\/stopcystite.fr\/","title":{"rendered":"Informations et solutions pour combattre la cystite et les infections urinaires"},"content":{"rendered":"\n<h4><strong>Bienvenue<\/strong><\/h4>\n\n\n\n<p>Nous souhaitons vous apporter un \u00e9clairage aussi complet que possible sur une pathologie qui touche pr\u00e8s de 50% des femmes dans leur vie et une fran\u00e7aise sur dix chaque ann\u00e9e: la cystite. L&#8217;infection urinaire est \u00e9galement une pathologie de plus en plus fr\u00e9quente chez les hommes de plus de 60 ans<\/p>\n\n\n\n<p>Les infections urinaires sont tr\u00e8s fr\u00e9quentes (1% \u00e0 3% des consultations) et constituent un v\u00e9ritable probl\u00e8me \u00e9conomique et de sant\u00e9 publique. Il s&#8217;agit du deuxi\u00e8me motif de consultation et surtout des prescriptions d&#8217;antibiotiques apr\u00e8s les infections respiratoires. Elles occasionnent en France 6 millions de consultations et 300 millions d&#8217;euros par an pour leur diagnostic et leur traitement. <\/p>\n\n\n\n<p>Cet enjeux de sant\u00e9 plus est d&#8217;autant plus important qu&#8217;un nombre croissant de bact\u00e9ries deviennent r\u00e9sistantes et que <span class=\"tooltipsall tooltipsincontent classtoolTips0\">la recherche offre peu de nouveaux antibiotiques<\/span>. <\/p>\n\n\n\n<p>Notre d\u00e9marche se veut scientifiques et holistiques faisant appel aussi bien \u00e0 des donn\u00e9es m\u00e9dicales qu\u2019aux approches alternatives naturelles. Pour lutter contre les infections urinaires tout peut et doit \u00eatre mis en \u0153uvre.<\/p>\n\n\n\n<p>Parce que la cystite qu\u2019elle soit r\u00e9cidivante ou pas et \u00e0 l\u2019instar des autres types d\u2019infections urinaires traduit la pr\u00e9sence d\u2019un germe pathog\u00e8ne que le corps \u00e0 laiss\u00e9 prolif\u00e9rer. Il convient donc de fournir des armes pour le combattre mais \u00e9galement prendre des mesures pour pr\u00e9venir en renfor\u00e7ant le terrain.<\/p>\n\n\n\n<div class=\"wp-block-media-text alignwide has-media-on-the-right is-stacked-on-mobile\" style=\"grid-template-columns:auto 40%\"><figure class=\"wp-block-media-text__media\"><img loading=\"lazy\" width=\"1024\" height=\"655\" src=\"http:\/\/stopcystite.fr\/wp-content\/uploads\/2020\/12\/ava-sol-O-2-1024x655.jpg\" alt=\"Solution naturelle contre la cystite\" class=\"wp-image-71\" srcset=\"https:\/\/stopcystite.fr\/wp-content\/uploads\/2020\/12\/ava-sol-O-2-1024x655.jpg 1024w, https:\/\/stopcystite.fr\/wp-content\/uploads\/2020\/12\/ava-sol-O-2-300x192.jpg 300w, https:\/\/stopcystite.fr\/wp-content\/uploads\/2020\/12\/ava-sol-O-2-768x491.jpg 768w, https:\/\/stopcystite.fr\/wp-content\/uploads\/2020\/12\/ava-sol-O-2-1536x982.jpg 1536w, https:\/\/stopcystite.fr\/wp-content\/uploads\/2020\/12\/ava-sol-O-2-2048x1309.jpg 2048w\" sizes=\"(max-width: 1024px) 100vw, 1024px\" \/><\/figure><div class=\"wp-block-media-text__content\">\n<blockquote class=\"wp-block-quote\"><p>Le microbe n\u2019est rien. Le terrain est tout.<\/p><cite>Claude Bernard<\/cite><\/blockquote>\n<\/div><\/div>\n\n\n\n<p>\u00c0 votre disposition, vous pouvez nous adresser vos questions et nous essaierons d\u2019\u00eatre les plus promptes \u00e0 vous partager nos r\u00e9flexions et soumettre nos avis<\/p>\n\n\n\n<div class=\"wp-block-columns\">\n<div class=\"wp-block-column\">\n<figure class=\"wp-block-image size-large\"><img loading=\"lazy\" width=\"1024\" height=\"1024\" src=\"http:\/\/stopcystite.fr\/wp-content\/uploads\/2020\/12\/microbe-1024x1024.jpg\" alt=\"\" class=\"wp-image-166\" srcset=\"https:\/\/stopcystite.fr\/wp-content\/uploads\/2020\/12\/microbe-1024x1024.jpg 1024w, https:\/\/stopcystite.fr\/wp-content\/uploads\/2020\/12\/microbe-300x300.jpg 300w, https:\/\/stopcystite.fr\/wp-content\/uploads\/2020\/12\/microbe-150x150.jpg 150w, https:\/\/stopcystite.fr\/wp-content\/uploads\/2020\/12\/microbe-768x768.jpg 768w, https:\/\/stopcystite.fr\/wp-content\/uploads\/2020\/12\/microbe-1536x1536.jpg 1536w, https:\/\/stopcystite.fr\/wp-content\/uploads\/2020\/12\/microbe-2048x2048.jpg 2048w, https:\/\/stopcystite.fr\/wp-content\/uploads\/2020\/12\/microbe-45x45.jpg 45w\" sizes=\"(max-width: 1024px) 100vw, 1024px\" \/><\/figure>\n<\/div>\n\n\n\n<div class=\"wp-block-column\">\n<div class=\"wp-block-image\"><figure class=\"aligncenter size-large is-resized\"><img loading=\"lazy\" src=\"http:\/\/stopcystite.fr\/wp-content\/uploads\/2020\/12\/urinary-system-1634232-639x1054-1-622x1024.jpg\" alt=\"\" class=\"wp-image-170\" width=\"136\" height=\"225\" srcset=\"https:\/\/stopcystite.fr\/wp-content\/uploads\/2020\/12\/urinary-system-1634232-639x1054-1-622x1024.jpg 622w, https:\/\/stopcystite.fr\/wp-content\/uploads\/2020\/12\/urinary-system-1634232-639x1054-1-182x300.jpg 182w, https:\/\/stopcystite.fr\/wp-content\/uploads\/2020\/12\/urinary-system-1634232-639x1054-1.jpg 639w\" sizes=\"(max-width: 136px) 100vw, 136px\" \/><\/figure><\/div>\n<\/div>\n\n\n\n<div class=\"wp-block-column\"><\/div>\n<\/div>\n\n\n\n<div class=\"wp-block-columns\">\n<div class=\"wp-block-column\">\n<p class=\"has-text-align-left\">L\u2019infection urinaire constitue une r\u00e9ponse du syst\u00e8me immunitaire de l\u2019<span class=\"tooltipsall tooltipsincontent classtoolTips6\">uroth\u00e9lium<\/span> \u00e0 la pr\u00e9sence de germes microbiens anormaux dans l\u2019urine.<\/p>\n\n\n\n<p><a href=\"http:\/\/stopcystite.fr\/index.php\/category\/infections-urinaires\/\">suite (&#8230;)<\/a><\/p>\n<\/div>\n\n\n\n<div class=\"wp-block-column\">\n<p>La cystite pr\u00e9domine chez les femmes chez qui existent des facteurs favorables ind\u00e9pendamment de la bact\u00e9rie infectante et des moyens de d\u00e9fense de l\u2019organisme.<\/p>\n\n\n\n<p><a href=\"http:\/\/stopcystite.fr\/index.php\/2020\/12\/12\/les-facteurs-favorisant-les-cystites\/\">Suite (&#8230;)<\/a><\/p>\n<\/div>\n\n\n\n<div class=\"wp-block-column\"><\/div>\n<\/div>\n\n\n\n<p><\/p>\n<script type=\"text\/javascript\"> toolTips('.classtoolTips0','<img src=\"http:\/\/stopcystite.fr\/wp-content\/uploads\/2020\/12\/nb-dantibiotiques-enregistre\u0301s-1-150x150.png\" alt=\"\" width=\"150\" height=\"150\" class=\"alignright size-thumbnail wp-image-304\" \/>'); <\/script><script type=\"text\/javascript\"> toolTips('.classtoolTips6','tissu biologique jouant un r\u00f4le de glissement retrouv\u00e9 dans certains composants du <a href=\"https:\/\/stopcystite.fr\/index.php\/2020\/12\/01\/lappareil-urinaire-feminin\/\">syst\u00e8me urinaire<\/a> : les calices, les bassinets, les uret\u00e8res et la vessie.'); <\/script>","protected":false},"excerpt":{"rendered":"<p>Bienvenue Nous souhaitons vous apporter un \u00e9clairage aussi complet que possible sur une pathologie qui touche pr\u00e8s de 50% des femmes dans leur vie et une fran\u00e7aise sur dix chaque ann\u00e9e: la cystite. L&#8217;infection urinaire est \u00e9galement une pathologie de plus en plus fr\u00e9quente chez les hommes de plus de 60 ans Les infections urinaires &#8230; <a title=\"Informations et solutions pour combattre la cystite et les infections urinaires\" class=\"read-more\" href=\"https:\/\/stopcystite.fr\/\" aria-label=\"More on Informations et solutions pour combattre la cystite et les infections urinaires\">Read more<\/a><\/p>\n","protected":false},"author":1,"featured_media":0,"parent":0,"menu_order":0,"comment_status":"closed","ping_status":"closed","template":"","meta":[],"_links":{"self":[{"href":"https:\/\/stopcystite.fr\/index.php\/wp-json\/wp\/v2\/pages\/56"}],"collection":[{"href":"https:\/\/stopcystite.fr\/index.php\/wp-json\/wp\/v2\/pages"}],"about":[{"href":"https:\/\/stopcystite.fr\/index.php\/wp-json\/wp\/v2\/types\/page"}],"author":[{"embeddable":true,"href":"https:\/\/stopcystite.fr\/index.php\/wp-json\/wp\/v2\/users\/1"}],"replies":[{"embeddable":true,"href":"https:\/\/stopcystite.fr\/index.php\/wp-json\/wp\/v2\/comments?post=56"}],"version-history":[{"count":27,"href":"https:\/\/stopcystite.fr\/index.php\/wp-json\/wp\/v2\/pages\/56\/revisions"}],"predecessor-version":[{"id":351,"href":"https:\/\/stopcystite.fr\/index.php\/wp-json\/wp\/v2\/pages\/56\/revisions\/351"}],"wp:attachment":[{"href":"https:\/\/stopcystite.fr\/index.php\/wp-json\/wp\/v2\/media?parent=56"}],"curies":[{"name":"wp","href":"https:\/\/api.w.org\/{rel}","templated":true}]}}